{"id":207,"date":"2012-12-12T17:22:12","date_gmt":"2012-12-12T16:22:12","guid":{"rendered":"http:\/\/klub20.dk\/?page_id=207"},"modified":"2026-03-19T14:51:46","modified_gmt":"2026-03-19T13:51:46","slug":"forside","status":"publish","type":"page","link":"https:\/\/klub20.dk\/","title":{"rendered":"Forside"},"content":{"rendered":"<h1 style=\"text-align: center;\"><\/h1>\n<h1 style=\"text-align: center;\"><span style=\"color: #0000ff;\"><strong><em>Opdateret den 18-12-2024\u00a0 \u00a0 \u00a0 \u00a0 \u00a0<\/em><\/strong><\/span><span style=\"color: #ff0000;\">Klik p\u00e5 indkaldelse:\u00a0 <a href=\"https:\/\/klub20.dk\/wp-content\/uploads\/2024\/02\/Indkaldelse-til-GF-01-03-2024-1.pdf\">Indkaldelse til GF 01-03-2024<\/a><\/span><\/h1>\n<h1 style=\"text-align: center;\"><\/h1>\n<h6><\/h6>\n<p style=\"text-align: center;\"><span style=\"color: #0000ff;\"><span style=\"text-decoration: underline;\">Husk Generalforsamling Fredag den. 01.03.2024 &#8211; Kl. 15.30<\/span> <\/span><\/p>\n<h1 style=\"text-align: center;\"><span style=\"color: #ff0000;\">Opslag og tilmelding e<\/span><span style=\"color: #ff0000;\">r p\u00e5 opslags tavle i k\u00e6lderen ved omkl\u00e6dningsrum.<\/span><\/h1>\n<p style=\"text-align: center;\"><span style=\"color: #0000ff;\"><strong><em>Klik her:\u00a0 <a href=\"https:\/\/klub20.dk\/wp-content\/uploads\/2026\/03\/Godkendt-Love-Vedtaegter-for-Semco-klub-20.pdf\">Godkendt Love &amp; Vedt\u00e6gter for Semco klub 20<\/a><\/em><\/strong><\/span><\/p>\n<h1 style=\"text-align: center;\"><span style=\"color: #ff0000;\">PS. Se ogs\u00e5 under Sidste Nyt<\/span><\/h1>\n<h1 style=\"text-align: center;\"><span style=\"color: #0000ff;\"><em><strong>Hilsen\u00a0Semco Klub 20 &#8211; bestyrelsen<\/strong><\/em>.<\/span><\/h1>\n<h1 style=\"padding-left: 80px; text-align: center;\"><\/h1>\n<p style=\"text-align: center;\">\u00a0 <a href=\"http:\/\/chart.dk\/index\/default.asp?id=147315&amp;dc_on=1&amp;dc_bits=dc_style_01\" target=\"_blank\" rel=\"noopener\"><img loading=\"lazy\" decoding=\"async\" class=\"alignnone aligncenter\" src=\"http:\/\/cluster.chart.dk\/chart.asp?id=147315&amp;dc_on=1&amp;dc_bits=dc_style_01\" alt=\"\" width=\"80\" height=\"51\" \/><\/a><\/p>\n","protected":false},"excerpt":{"rendered":"<p>Opdateret den 18-12-2024\u00a0 \u00a0 \u00a0 \u00a0 \u00a0Klik p\u00e5 indkaldelse:\u00a0 Indkaldelse til GF 01-03-2024 Husk Generalforsamling Fredag den. 01.03.2024 &#8211; Kl. 15.30 Opslag og tilmelding er p\u00e5 opslags tavle i k\u00e6lderen ved omkl\u00e6dningsrum. Klik her:\u00a0 Godkendt Love &amp; Vedt\u00e6gter for Semco &hellip; <a href=\"https:\/\/klub20.dk\/\">L\u00e6s resten <span class=\"meta-nav\">&rarr;<\/span><\/a><\/p>\n","protected":false},"author":1,"featured_media":0,"parent":0,"menu_order":0,"comment_status":"closed","ping_status":"closed","template":"showcase.php","meta":{"_crdt_document":"","footnotes":""},"class_list":["post-207","page","type-page","status-publish","hentry"],"_links":{"self":[{"href":"https:\/\/klub20.dk\/index.php?rest_route=\/wp\/v2\/pages\/207","targetHints":{"allow":["GET"]}}],"collection":[{"href":"https:\/\/klub20.dk\/index.php?rest_route=\/wp\/v2\/pages"}],"about":[{"href":"https:\/\/klub20.dk\/index.php?rest_route=\/wp\/v2\/types\/page"}],"author":[{"embeddable":true,"href":"https:\/\/klub20.dk\/index.php?rest_route=\/wp\/v2\/users\/1"}],"replies":[{"embeddable":true,"href":"https:\/\/klub20.dk\/index.php?rest_route=%2Fwp%2Fv2%2Fcomments&post=207"}],"version-history":[{"count":376,"href":"https:\/\/klub20.dk\/index.php?rest_route=\/wp\/v2\/pages\/207\/revisions"}],"predecessor-version":[{"id":1194,"href":"https:\/\/klub20.dk\/index.php?rest_route=\/wp\/v2\/pages\/207\/revisions\/1194"}],"wp:attachment":[{"href":"https:\/\/klub20.dk\/index.php?rest_route=%2Fwp%2Fv2%2Fmedia&parent=207"}],"curies":[{"name":"wp","href":"https:\/\/api.w.org\/{rel}","templated":true}]}}